{"id":718,"date":"2015-11-16T17:02:13","date_gmt":"2015-11-16T16:02:13","guid":{"rendered":"http:\/\/www.auxdelicesdulauragais.fr\/?post_type=product&#038;p=718"},"modified":"2025-11-23T21:09:06","modified_gmt":"2025-11-23T20:09:06","slug":"pate-de-foie-pur-porc-190gr","status":"publish","type":"product","link":"https:\/\/www.auxdelicesdulauragais.fr\/boutique\/produit\/pate-de-foie-pur-porc-190gr\/","title":{"rendered":"P\u00e2t\u00e9 de foie pur porc 190gr."},"excerpt":{"rendered":"<p>Composition &#038; Conseil de d\u00e9gustation 33% de foie de porc, gorge de porc, lait, \u009cuf, sel, poivre. Servir frais &#8211; En toast ou en sandwich, \u00e0 tout moment de la journ\u00e9e. Accompagn\u00e9 de cornichons ou de crudit\u00e9s. Conservation Apr\u00e8s ouverture se conserve au r\u00e9frig\u00e9rateur sans sa bo\u00eete.<\/p>\n","protected":false},"featured_media":1094,"comment_status":"open","ping_status":"closed","template":"","meta":[],"product_brand":[],"product_cat":[6],"product_tag":[],"class_list":{"0":"post-718","1":"product","2":"type-product","3":"status-publish","4":"has-post-thumbnail","6":"product_cat-produits-charcutiers","8":"first","9":"instock","10":"taxable","11":"shipping-taxable","12":"purchasable","13":"product-type-simple"},"yoast_head":"<!-- This site is optimized with the Yoast SEO plugin v27.3 - https:\/\/yoast.com\/product\/yoast-seo-wordpress\/ -->\n<title>P\u00e2t\u00e9 de foie pur porc 190gr. - Aux D\u00e9lices du Lauragais<\/title>\n<meta name=\"robots\" content=\"index, follow, max-snippet:-1, max-image-preview:large, max-video-preview:-1\" \/>\n<link rel=\"canonical\" href=\"https:\/\/www.auxdelicesdulauragais.fr\/boutique\/produit\/pate-de-foie-pur-porc-190gr\/\" \/>\n<meta property=\"og:locale\" content=\"fr_FR\" \/>\n<meta property=\"og:type\" content=\"article\" \/>\n<meta property=\"og:title\" content=\"P\u00e2t\u00e9 de foie pur porc 190gr. - Aux D\u00e9lices du Lauragais\" \/>\n<meta property=\"og:description\" content=\"Composition &#038; Conseil de d\u00e9gustation 33% de foie de porc, gorge de porc, lait, \u009cuf, sel, poivre. Servir frais &#8211; En toast ou en sandwich, \u00e0 tout moment de la journ\u00e9e. Accompagn\u00e9 de cornichons ou de crudit\u00e9s. Conservation Apr\u00e8s ouverture se conserve au r\u00e9frig\u00e9rateur sans sa bo\u00eete.\" \/>\n<meta property=\"og:url\" content=\"https:\/\/www.auxdelicesdulauragais.fr\/boutique\/produit\/pate-de-foie-pur-porc-190gr\/\" \/>\n<meta property=\"og:site_name\" content=\"Aux D\u00e9lices du Lauragais\" \/>\n<meta property=\"article:modified_time\" content=\"2025-11-23T20:09:06+00:00\" \/>\n<meta property=\"og:image\" content=\"https:\/\/www.auxdelicesdulauragais.fr\/boutique\/wp-content\/uploads\/2015\/10\/Pat\u00e9-nature.png\" \/>\n\t<meta property=\"og:image:width\" content=\"700\" \/>\n\t<meta property=\"og:image:height\" content=\"700\" \/>\n\t<meta property=\"og:image:type\" content=\"image\/png\" \/>\n<meta name=\"twitter:card\" content=\"summary_large_image\" \/>\n<script type=\"application\/ld+json\" class=\"yoast-schema-graph\">{\"@context\":\"https:\\\/\\\/schema.org\",\"@graph\":[{\"@type\":\"WebPage\",\"@id\":\"https:\\\/\\\/www.auxdelicesdulauragais.fr\\\/boutique\\\/produit\\\/pate-de-foie-pur-porc-190gr\\\/\",\"url\":\"https:\\\/\\\/www.auxdelicesdulauragais.fr\\\/boutique\\\/produit\\\/pate-de-foie-pur-porc-190gr\\\/\",\"name\":\"P\u00e2t\u00e9 de foie pur porc 190gr. - Aux D\u00e9lices du Lauragais\",\"isPartOf\":{\"@id\":\"https:\\\/\\\/www.auxdelicesdulauragais.fr\\\/boutique\\\/#website\"},\"primaryImageOfPage\":{\"@id\":\"https:\\\/\\\/www.auxdelicesdulauragais.fr\\\/boutique\\\/produit\\\/pate-de-foie-pur-porc-190gr\\\/#primaryimage\"},\"image\":{\"@id\":\"https:\\\/\\\/www.auxdelicesdulauragais.fr\\\/boutique\\\/produit\\\/pate-de-foie-pur-porc-190gr\\\/#primaryimage\"},\"thumbnailUrl\":\"https:\\\/\\\/www.auxdelicesdulauragais.fr\\\/boutique\\\/wp-content\\\/uploads\\\/2015\\\/10\\\/Pat\u00e9-nature.png\",\"datePublished\":\"2015-11-16T16:02:13+00:00\",\"dateModified\":\"2025-11-23T20:09:06+00:00\",\"breadcrumb\":{\"@id\":\"https:\\\/\\\/www.auxdelicesdulauragais.fr\\\/boutique\\\/produit\\\/pate-de-foie-pur-porc-190gr\\\/#breadcrumb\"},\"inLanguage\":\"fr-FR\",\"potentialAction\":[{\"@type\":\"ReadAction\",\"target\":[\"https:\\\/\\\/www.auxdelicesdulauragais.fr\\\/boutique\\\/produit\\\/pate-de-foie-pur-porc-190gr\\\/\"]}]},{\"@type\":\"ImageObject\",\"inLanguage\":\"fr-FR\",\"@id\":\"https:\\\/\\\/www.auxdelicesdulauragais.fr\\\/boutique\\\/produit\\\/pate-de-foie-pur-porc-190gr\\\/#primaryimage\",\"url\":\"https:\\\/\\\/www.auxdelicesdulauragais.fr\\\/boutique\\\/wp-content\\\/uploads\\\/2015\\\/10\\\/Pat\u00e9-nature.png\",\"contentUrl\":\"https:\\\/\\\/www.auxdelicesdulauragais.fr\\\/boutique\\\/wp-content\\\/uploads\\\/2015\\\/10\\\/Pat\u00e9-nature.png\",\"width\":700,\"height\":700},{\"@type\":\"BreadcrumbList\",\"@id\":\"https:\\\/\\\/www.auxdelicesdulauragais.fr\\\/boutique\\\/produit\\\/pate-de-foie-pur-porc-190gr\\\/#breadcrumb\",\"itemListElement\":[{\"@type\":\"ListItem\",\"position\":1,\"name\":\"Accueil\",\"item\":\"https:\\\/\\\/www.auxdelicesdulauragais.fr\\\/boutique\\\/\"},{\"@type\":\"ListItem\",\"position\":2,\"name\":\"La Boutique\",\"item\":\"https:\\\/\\\/www.auxdelicesdulauragais.fr\\\/boutique\\\/la-boutique\\\/\"},{\"@type\":\"ListItem\",\"position\":3,\"name\":\"P\u00e2t\u00e9 de foie pur porc 190gr.\"}]},{\"@type\":\"WebSite\",\"@id\":\"https:\\\/\\\/www.auxdelicesdulauragais.fr\\\/boutique\\\/#website\",\"url\":\"https:\\\/\\\/www.auxdelicesdulauragais.fr\\\/boutique\\\/\",\"name\":\"Aux D\u00e9lices du Lauragais\",\"description\":\"Nous savons vous r\u00e9galer !\",\"potentialAction\":[{\"@type\":\"SearchAction\",\"target\":{\"@type\":\"EntryPoint\",\"urlTemplate\":\"https:\\\/\\\/www.auxdelicesdulauragais.fr\\\/boutique\\\/?s={search_term_string}\"},\"query-input\":{\"@type\":\"PropertyValueSpecification\",\"valueRequired\":true,\"valueName\":\"search_term_string\"}}],\"inLanguage\":\"fr-FR\"}]}<\/script>\n<!-- \/ Yoast SEO plugin. -->","yoast_head_json":{"title":"P\u00e2t\u00e9 de foie pur porc 190gr. - Aux D\u00e9lices du Lauragais","robots":{"index":"index","follow":"follow","max-snippet":"max-snippet:-1","max-image-preview":"max-image-preview:large","max-video-preview":"max-video-preview:-1"},"canonical":"https:\/\/www.auxdelicesdulauragais.fr\/boutique\/produit\/pate-de-foie-pur-porc-190gr\/","og_locale":"fr_FR","og_type":"article","og_title":"P\u00e2t\u00e9 de foie pur porc 190gr. - Aux D\u00e9lices du Lauragais","og_description":"Composition &#038; Conseil de d\u00e9gustation 33% de foie de porc, gorge de porc, lait, \u009cuf, sel, poivre. Servir frais &#8211; En toast ou en sandwich, \u00e0 tout moment de la journ\u00e9e. Accompagn\u00e9 de cornichons ou de crudit\u00e9s. Conservation Apr\u00e8s ouverture se conserve au r\u00e9frig\u00e9rateur sans sa bo\u00eete.","og_url":"https:\/\/www.auxdelicesdulauragais.fr\/boutique\/produit\/pate-de-foie-pur-porc-190gr\/","og_site_name":"Aux D\u00e9lices du Lauragais","article_modified_time":"2025-11-23T20:09:06+00:00","og_image":[{"width":700,"height":700,"url":"https:\/\/www.auxdelicesdulauragais.fr\/boutique\/wp-content\/uploads\/2015\/10\/Pat\u00e9-nature.png","type":"image\/png"}],"twitter_card":"summary_large_image","schema":{"@context":"https:\/\/schema.org","@graph":[{"@type":"WebPage","@id":"https:\/\/www.auxdelicesdulauragais.fr\/boutique\/produit\/pate-de-foie-pur-porc-190gr\/","url":"https:\/\/www.auxdelicesdulauragais.fr\/boutique\/produit\/pate-de-foie-pur-porc-190gr\/","name":"P\u00e2t\u00e9 de foie pur porc 190gr. - Aux D\u00e9lices du Lauragais","isPartOf":{"@id":"https:\/\/www.auxdelicesdulauragais.fr\/boutique\/#website"},"primaryImageOfPage":{"@id":"https:\/\/www.auxdelicesdulauragais.fr\/boutique\/produit\/pate-de-foie-pur-porc-190gr\/#primaryimage"},"image":{"@id":"https:\/\/www.auxdelicesdulauragais.fr\/boutique\/produit\/pate-de-foie-pur-porc-190gr\/#primaryimage"},"thumbnailUrl":"https:\/\/www.auxdelicesdulauragais.fr\/boutique\/wp-content\/uploads\/2015\/10\/Pat\u00e9-nature.png","datePublished":"2015-11-16T16:02:13+00:00","dateModified":"2025-11-23T20:09:06+00:00","breadcrumb":{"@id":"https:\/\/www.auxdelicesdulauragais.fr\/boutique\/produit\/pate-de-foie-pur-porc-190gr\/#breadcrumb"},"inLanguage":"fr-FR","potentialAction":[{"@type":"ReadAction","target":["https:\/\/www.auxdelicesdulauragais.fr\/boutique\/produit\/pate-de-foie-pur-porc-190gr\/"]}]},{"@type":"ImageObject","inLanguage":"fr-FR","@id":"https:\/\/www.auxdelicesdulauragais.fr\/boutique\/produit\/pate-de-foie-pur-porc-190gr\/#primaryimage","url":"https:\/\/www.auxdelicesdulauragais.fr\/boutique\/wp-content\/uploads\/2015\/10\/Pat\u00e9-nature.png","contentUrl":"https:\/\/www.auxdelicesdulauragais.fr\/boutique\/wp-content\/uploads\/2015\/10\/Pat\u00e9-nature.png","width":700,"height":700},{"@type":"BreadcrumbList","@id":"https:\/\/www.auxdelicesdulauragais.fr\/boutique\/produit\/pate-de-foie-pur-porc-190gr\/#breadcrumb","itemListElement":[{"@type":"ListItem","position":1,"name":"Accueil","item":"https:\/\/www.auxdelicesdulauragais.fr\/boutique\/"},{"@type":"ListItem","position":2,"name":"La Boutique","item":"https:\/\/www.auxdelicesdulauragais.fr\/boutique\/la-boutique\/"},{"@type":"ListItem","position":3,"name":"P\u00e2t\u00e9 de foie pur porc 190gr."}]},{"@type":"WebSite","@id":"https:\/\/www.auxdelicesdulauragais.fr\/boutique\/#website","url":"https:\/\/www.auxdelicesdulauragais.fr\/boutique\/","name":"Aux D\u00e9lices du Lauragais","description":"Nous savons vous r\u00e9galer !","potentialAction":[{"@type":"SearchAction","target":{"@type":"EntryPoint","urlTemplate":"https:\/\/www.auxdelicesdulauragais.fr\/boutique\/?s={search_term_string}"},"query-input":{"@type":"PropertyValueSpecification","valueRequired":true,"valueName":"search_term_string"}}],"inLanguage":"fr-FR"}]}},"_links":{"self":[{"href":"https:\/\/www.auxdelicesdulauragais.fr\/boutique\/wp-json\/wp\/v2\/product\/718","targetHints":{"allow":["GET"]}}],"collection":[{"href":"https:\/\/www.auxdelicesdulauragais.fr\/boutique\/wp-json\/wp\/v2\/product"}],"about":[{"href":"https:\/\/www.auxdelicesdulauragais.fr\/boutique\/wp-json\/wp\/v2\/types\/product"}],"replies":[{"embeddable":true,"href":"https:\/\/www.auxdelicesdulauragais.fr\/boutique\/wp-json\/wp\/v2\/comments?post=718"}],"wp:featuredmedia":[{"embeddable":true,"href":"https:\/\/www.auxdelicesdulauragais.fr\/boutique\/wp-json\/wp\/v2\/media\/1094"}],"wp:attachment":[{"href":"https:\/\/www.auxdelicesdulauragais.fr\/boutique\/wp-json\/wp\/v2\/media?parent=718"}],"wp:term":[{"taxonomy":"product_brand","embeddable":true,"href":"https:\/\/www.auxdelicesdulauragais.fr\/boutique\/wp-json\/wp\/v2\/product_brand?post=718"},{"taxonomy":"product_cat","embeddable":true,"href":"https:\/\/www.auxdelicesdulauragais.fr\/boutique\/wp-json\/wp\/v2\/product_cat?post=718"},{"taxonomy":"product_tag","embeddable":true,"href":"https:\/\/www.auxdelicesdulauragais.fr\/boutique\/wp-json\/wp\/v2\/product_tag?post=718"}],"curies":[{"name":"wp","href":"https:\/\/api.w.org\/{rel}","templated":true}]}}